{"id":335965,"date":"2024-12-29T17:32:40","date_gmt":"2024-12-29T16:32:40","guid":{"rendered":"https:\/\/crck-guyane.com\/?page_id=335965"},"modified":"2024-12-29T17:32:40","modified_gmt":"2024-12-29T16:32:40","slug":"descente","status":"publish","type":"page","link":"https:\/\/crck-guyane.com\/index.php\/descente\/","title":{"rendered":"Descente"},"content":{"rendered":"<p>[et_pb_section fb_built=\u00a0\u00bb1&Prime; next_background_color=\u00a0\u00bb#ffffff\u00a0\u00bb admin_label=\u00a0\u00bbHeader\u00a0\u00bb _builder_version=\u00a0\u00bb4.27.0&Prime; use_background_color_gradient=\u00a0\u00bbon\u00a0\u00bb background_color_gradient_stops=\u00a0\u00bbrgba(198,255,253,0.36) 23%|rgba(26,69,89,0.92) 98%\u00a0\u00bb background_color_gradient_overlays_image=\u00a0\u00bbon\u00a0\u00bb background_color_gradient_start=\u00a0\u00bbrgba(165,206,199,0.6)\u00a0\u00bb background_color_gradient_end=\u00a0\u00bb#151f33&Prime; background_image=\u00a0\u00bbhttp:\/\/crck-guyane.com\/wp-content\/uploads\/2024\/12\/31698784_1665212210260329_4296073280143491072_n.jpg\u00a0\u00bb parallax=\u00a0\u00bbon\u00a0\u00bb parallax_method=\u00a0\u00bboff\u00a0\u00bb custom_padding=\u00a0\u00bb52px||52px||true|false\u00a0\u00bb bottom_divider_style=\u00a0\u00bbwaves2&Prime; bottom_divider_height=\u00a0\u00bb23px\u00a0\u00bb bottom_divider_style_tablet=\u00a0\u00bbwaves2&Prime; bottom_divider_style_phone=\u00a0\u00bbwaves2&Prime; bottom_divider_style_last_edited=\u00a0\u00bbon|phone\u00a0\u00bb hover_enabled=\u00a0\u00bb0&Prime; global_colors_info=\u00a0\u00bb{}\u00a0\u00bb background_color_gradient_start__hover=\u00a0\u00bb#2b87da\u00a0\u00bb background_color_gradient_start__hover_enabled=\u00a0\u00bb#2b87da\u00a0\u00bb background_color_gradient_end__hover=\u00a0\u00bb#29c4a9&Prime; background_color_gradient_end__hover_enabled=\u00a0\u00bb#29c4a9&Prime; use_background_color_gradient__hover=\u00a0\u00bboff\u00a0\u00bb use_background_color_gradient__hover_enabled=\u00a0\u00bboff\u00a0\u00bb background_color_gradient_type__hover=\u00a0\u00bblinear\u00a0\u00bb background_color_gradient_type__hover_enabled=\u00a0\u00bblinear\u00a0\u00bb background_color_gradient_direction__hover=\u00a0\u00bb180deg\u00a0\u00bb background_color_gradient_direction__hover_enabled=\u00a0\u00bb180deg\u00a0\u00bb background_color_gradient_direction_radial__hover=\u00a0\u00bbcenter\u00a0\u00bb background_color_gradient_direction_radial__hover_enabled=\u00a0\u00bbcenter\u00a0\u00bb background_color_gradient_start_position__hover=\u00a0\u00bb0%\u00a0\u00bb background_color_gradient_start_position__hover_enabled=\u00a0\u00bb0%\u00a0\u00bb background_color_gradient_end_position__hover=\u00a0\u00bb100%\u00a0\u00bb background_color_gradient_end_position__hover_enabled=\u00a0\u00bb100%\u00a0\u00bb background_color_gradient_overlays_image__hover=\u00a0\u00bboff\u00a0\u00bb background_color_gradient_overlays_image__hover_enabled=\u00a0\u00bboff\u00a0\u00bb background_color_gradient_stops__hover=\u00a0\u00bb#2b87da 0%|#29c4a9 100%\u00a0\u00bb theme_builder_area=\u00a0\u00bbpost_content\u00a0\u00bb sticky_enabled=\u00a0\u00bb0&Prime; title_text=\u00a0\u00bb31698784_1665212210260329_4296073280143491072_n\u00a0\u00bb][et_pb_row _builder_version=\u00a0\u00bb4.27.0&Prime; max_width=\u00a0\u00bb80%\u00a0\u00bb custom_margin=\u00a0\u00bb|auto|-3px|auto||\u00a0\u00bb use_custom_width=\u00a0\u00bbon\u00a0\u00bb width_unit=\u00a0\u00bboff\u00a0\u00bb custom_width_px__hover=\u00a0\u00bb1080px\u00a0\u00bb custom_width_px__hover_enabled=\u00a0\u00bb1080px\u00a0\u00bb custom_width_percent__hover=\u00a0\u00bb80%\u00a0\u00bb custom_width_percent__hover_enabled=\u00a0\u00bb80%\u00a0\u00bb global_colors_info=\u00a0\u00bb{}\u00a0\u00bb gutter_width__hover=\u00a0\u00bb3&Prime; gutter_width__hover_enabled=\u00a0\u00bb3&Prime; parallax_1__hover=\u00a0\u00bboff\u00a0\u00bb parallax_1__hover_enabled=\u00a0\u00bboff\u00a0\u00bb parallax_2__hover=\u00a0\u00bboff\u00a0\u00bb parallax_2__hover_enabled=\u00a0\u00bboff\u00a0\u00bb parallax_3__hover=\u00a0\u00bboff\u00a0\u00bb parallax_3__hover_enabled=\u00a0\u00bboff\u00a0\u00bb parallax_4__hover=\u00a0\u00bboff\u00a0\u00bb parallax_4__hover_enabled=\u00a0\u00bboff\u00a0\u00bb parallax_5__hover=\u00a0\u00bboff\u00a0\u00bb parallax_5__hover_enabled=\u00a0\u00bboff\u00a0\u00bb parallax_6__hover=\u00a0\u00bboff\u00a0\u00bb parallax_6__hover_enabled=\u00a0\u00bboff\u00a0\u00bb parallax_method_1__hover=\u00a0\u00bbon\u00a0\u00bb parallax_method_1__hover_enabled=\u00a0\u00bbon\u00a0\u00bb parallax_method_2__hover=\u00a0\u00bbon\u00a0\u00bb parallax_method_2__hover_enabled=\u00a0\u00bbon\u00a0\u00bb parallax_method_3__hover=\u00a0\u00bbon\u00a0\u00bb parallax_method_3__hover_enabled=\u00a0\u00bbon\u00a0\u00bb parallax_method_4__hover=\u00a0\u00bbon\u00a0\u00bb parallax_method_4__hover_enabled=\u00a0\u00bbon\u00a0\u00bb parallax_method_5__hover=\u00a0\u00bbon\u00a0\u00bb parallax_method_5__hover_enabled=\u00a0\u00bbon\u00a0\u00bb parallax_method_6__hover=\u00a0\u00bbon\u00a0\u00bb parallax_method_6__hover_enabled=\u00a0\u00bbon\u00a0\u00bb use_background_color_gradient__hover=\u00a0\u00bboff\u00a0\u00bb use_background_color_gradient__hover_enabled=\u00a0\u00bboff\u00a0\u00bb background_color_gradient_start__hover=\u00a0\u00bb#2b87da\u00a0\u00bb background_color_gradient_start__hover_enabled=\u00a0\u00bb#2b87da\u00a0\u00bb background_color_gradient_end__hover=\u00a0\u00bb#29c4a9&Prime; background_color_gradient_end__hover_enabled=\u00a0\u00bb#29c4a9&Prime; background_color_gradient_type__hover=\u00a0\u00bblinear\u00a0\u00bb background_color_gradient_type__hover_enabled=\u00a0\u00bblinear\u00a0\u00bb background_color_gradient_direction__hover=\u00a0\u00bb180deg\u00a0\u00bb background_color_gradient_direction__hover_enabled=\u00a0\u00bb180deg\u00a0\u00bb background_color_gradient_direction_radial__hover=\u00a0\u00bbcenter\u00a0\u00bb background_color_gradient_direction_radial__hover_enabled=\u00a0\u00bbcenter\u00a0\u00bb background_color_gradient_start_position__hover=\u00a0\u00bb0%\u00a0\u00bb background_color_gradient_start_position__hover_enabled=\u00a0\u00bb0%\u00a0\u00bb background_color_gradient_end_position__hover=\u00a0\u00bb100%\u00a0\u00bb background_color_gradient_end_position__hover_enabled=\u00a0\u00bb100%\u00a0\u00bb background_color_gradient_overlays_image__hover=\u00a0\u00bboff\u00a0\u00bb background_color_gradient_overlays_image__hover_enabled=\u00a0\u00bboff\u00a0\u00bb parallax__hover=\u00a0\u00bboff\u00a0\u00bb parallax__hover_enabled=\u00a0\u00bboff\u00a0\u00bb parallax_method__hover=\u00a0\u00bbon\u00a0\u00bb parallax_method__hover_enabled=\u00a0\u00bbon\u00a0\u00bb background_size__hover=\u00a0\u00bbcover\u00a0\u00bb background_size__hover_enabled=\u00a0\u00bbcover\u00a0\u00bb background_position__hover=\u00a0\u00bbcenter\u00a0\u00bb background_position__hover_enabled=\u00a0\u00bbcenter\u00a0\u00bb background_repeat__hover=\u00a0\u00bbno-repeat\u00a0\u00bb background_repeat__hover_enabled=\u00a0\u00bbno-repeat\u00a0\u00bb background_blend__hover=\u00a0\u00bbnormal\u00a0\u00bb background_blend__hover_enabled=\u00a0\u00bbnormal\u00a0\u00bb allow_player_pause__hover=\u00a0\u00bboff\u00a0\u00bb allow_player_pause__hover_enabled=\u00a0\u00bboff\u00a0\u00bb background_video_pause_outside_viewport__hover=\u00a0\u00bbon\u00a0\u00bb background_video_pause_outside_viewport__hover_enabled=\u00a0\u00bbon\u00a0\u00bb make_fullwidth__hover=\u00a0\u00bboff\u00a0\u00bb make_fullwidth__hover_enabled=\u00a0\u00bboff\u00a0\u00bb use_custom_width__hover=\u00a0\u00bboff\u00a0\u00bb use_custom_width__hover_enabled=\u00a0\u00bboff\u00a0\u00bb width_unit__hover=\u00a0\u00bbon\u00a0\u00bb width_unit__hover_enabled=\u00a0\u00bbon\u00a0\u00bb use_custom_gutter__hover=\u00a0\u00bboff\u00a0\u00bb use_custom_gutter__hover_enabled=\u00a0\u00bboff\u00a0\u00bb make_equal__hover=\u00a0\u00bboff\u00a0\u00bb make_equal__hover_enabled=\u00a0\u00bboff\u00a0\u00bb border_radii__hover=\u00a0\u00bbon||||\u00a0\u00bb border_radii__hover_enabled=\u00a0\u00bbon||||\u00a0\u00bb box_shadow_style__hover=\u00a0\u00bbnone\u00a0\u00bb box_shadow_style__hover_enabled=\u00a0\u00bbnone\u00a0\u00bb box_shadow_color__hover=\u00a0\u00bbrgba(0,0,0,0.3)\u00a0\u00bb box_shadow_color__hover_enabled=\u00a0\u00bbrgba(0,0,0,0.3)\u00a0\u00bb filter_hue_rotate__hover=\u00a0\u00bb0deg\u00a0\u00bb filter_hue_rotate__hover_enabled=\u00a0\u00bb0deg\u00a0\u00bb filter_saturate__hover=\u00a0\u00bb100%\u00a0\u00bb filter_saturate__hover_enabled=\u00a0\u00bb100%\u00a0\u00bb filter_brightness__hover=\u00a0\u00bb100%\u00a0\u00bb filter_brightness__hover_enabled=\u00a0\u00bb100%\u00a0\u00bb filter_contrast__hover=\u00a0\u00bb100%\u00a0\u00bb filter_contrast__hover_enabled=\u00a0\u00bb100%\u00a0\u00bb filter_invert__hover=\u00a0\u00bb0%\u00a0\u00bb filter_invert__hover_enabled=\u00a0\u00bb0%\u00a0\u00bb filter_sepia__hover=\u00a0\u00bb0%\u00a0\u00bb filter_sepia__hover_enabled=\u00a0\u00bb0%\u00a0\u00bb filter_opacity__hover=\u00a0\u00bb100%\u00a0\u00bb filter_opacity__hover_enabled=\u00a0\u00bb100%\u00a0\u00bb filter_blur__hover=\u00a0\u00bb0px\u00a0\u00bb filter_blur__hover_enabled=\u00a0\u00bb0px\u00a0\u00bb mix_blend_mode__hover=\u00a0\u00bbnormal\u00a0\u00bb mix_blend_mode__hover_enabled=\u00a0\u00bbnormal\u00a0\u00bb animation_style__hover=\u00a0\u00bbnone\u00a0\u00bb animation_style__hover_enabled=\u00a0\u00bbnone\u00a0\u00bb animation_repeat__hover=\u00a0\u00bbonce\u00a0\u00bb animation_repeat__hover_enabled=\u00a0\u00bbonce\u00a0\u00bb animation_direction__hover=\u00a0\u00bbcenter\u00a0\u00bb animation_direction__hover_enabled=\u00a0\u00bbcenter\u00a0\u00bb animation_duration__hover=\u00a0\u00bb1000ms\u00a0\u00bb animation_duration__hover_enabled=\u00a0\u00bb1000ms\u00a0\u00bb animation_delay__hover=\u00a0\u00bb0ms\u00a0\u00bb animation_delay__hover_enabled=\u00a0\u00bb0ms\u00a0\u00bb animation_intensity_slide__hover=\u00a0\u00bb50%\u00a0\u00bb animation_intensity_slide__hover_enabled=\u00a0\u00bb50%\u00a0\u00bb animation_intensity_zoom__hover=\u00a0\u00bb50%\u00a0\u00bb animation_intensity_zoom__hover_enabled=\u00a0\u00bb50%\u00a0\u00bb animation_intensity_flip__hover=\u00a0\u00bb50%\u00a0\u00bb animation_intensity_flip__hover_enabled=\u00a0\u00bb50%\u00a0\u00bb animation_intensity_fold__hover=\u00a0\u00bb50%\u00a0\u00bb animation_intensity_fold__hover_enabled=\u00a0\u00bb50%\u00a0\u00bb animation_intensity_roll__hover=\u00a0\u00bb50%\u00a0\u00bb animation_intensity_roll__hover_enabled=\u00a0\u00bb50%\u00a0\u00bb animation_starting_opacity__hover=\u00a0\u00bb0%\u00a0\u00bb animation_starting_opacity__hover_enabled=\u00a0\u00bb0%\u00a0\u00bb animation_speed_curve__hover=\u00a0\u00bbease-in-out\u00a0\u00bb animation_speed_curve__hover_enabled=\u00a0\u00bbease-in-out\u00a0\u00bb hover_transition_duration__hover=\u00a0\u00bb300ms\u00a0\u00bb hover_transition_duration__hover_enabled=\u00a0\u00bb300ms\u00a0\u00bb hover_transition_delay__hover=\u00a0\u00bb0ms\u00a0\u00bb hover_transition_delay__hover_enabled=\u00a0\u00bb0ms\u00a0\u00bb hover_transition_speed_curve__hover=\u00a0\u00bbease\u00a0\u00bb hover_transition_speed_curve__hover_enabled=\u00a0\u00bbease\u00a0\u00bb width__hover=\u00a0\u00bb80%\u00a0\u00bb width__hover_enabled=\u00a0\u00bb80%\u00a0\u00bb max_width__hover=\u00a0\u00bb80%\u00a0\u00bb max_width__hover_enabled=\u00a0\u00bb80%\u00a0\u00bb background_color_gradient_stops__hover=\u00a0\u00bb#2b87da 0%|#29c4a9 100%\u00a0\u00bb theme_builder_area=\u00a0\u00bbpost_content\u00a0\u00bb][et_pb_column type=\u00a0\u00bb4_4&Prime; _builder_version=\u00a0\u00bb4.16&Prime; custom_padding=\u00a0\u00bb|||\u00a0\u00bb global_colors_info=\u00a0\u00bb{}\u00a0\u00bb custom_padding__hover=\u00a0\u00bb|||\u00a0\u00bb theme_builder_area=\u00a0\u00bbpost_content\u00a0\u00bb][et_pb_text _builder_version=\u00a0\u00bb4.26.0&Prime; _dynamic_attributes=\u00a0\u00bbcontent\u00a0\u00bb text_font=\u00a0\u00bb|700|||||||\u00a0\u00bb text_text_color=\u00a0\u00bb#FFFFFF\u00a0\u00bb text_font_size=\u00a0\u00bb45px\u00a0\u00bb text_line_height=\u00a0\u00bb2em\u00a0\u00bb header_font=\u00a0\u00bbABeeZee||||||||\u00a0\u00bb header_font_size=\u00a0\u00bb5vw\u00a0\u00bb header_line_height=\u00a0\u00bb1.2em\u00a0\u00bb header_2_font=\u00a0\u00bb|800||on|||||\u00a0\u00bb header_2_font_size=\u00a0\u00bb33px\u00a0\u00bb header_2_letter_spacing=\u00a0\u00bb8px\u00a0\u00bb header_2_line_height=\u00a0\u00bb1.3em\u00a0\u00bb header_5_font=\u00a0\u00bb||||||||\u00a0\u00bb text_orientation=\u00a0\u00bbcenter\u00a0\u00bb background_layout=\u00a0\u00bbdark\u00a0\u00bb max_width=\u00a0\u00bb700px\u00a0\u00bb module_alignment=\u00a0\u00bbcenter\u00a0\u00bb custom_margin=\u00a0\u00bb|-100px||-299px||\u00a0\u00bb header_font_size_tablet=\u00a0\u00bb\u00a0\u00bb header_font_size_phone=\u00a0\u00bb48px\u00a0\u00bb header_font_size_last_edited=\u00a0\u00bbon|phone\u00a0\u00bb text_text_shadow_style=\u00a0\u00bbpreset3&Prime; header_text_shadow_style=\u00a0\u00bbpreset3&Prime; header_text_shadow_blur_strength=\u00a0\u00bb0.8em\u00a0\u00bb header_text_shadow_color=\u00a0\u00bb#001133&Prime; global_colors_info=\u00a0\u00bb{}\u00a0\u00bb text_font_size__hover=\u00a0\u00bb14px\u00a0\u00bb text_font_size__hover_enabled=\u00a0\u00bb14px\u00a0\u00bb text_letter_spacing__hover=\u00a0\u00bb0px\u00a0\u00bb text_letter_spacing__hover_enabled=\u00a0\u00bb0px\u00a0\u00bb text_line_height__hover=\u00a0\u00bb1.7em\u00a0\u00bb text_line_height__hover_enabled=\u00a0\u00bb1.7em\u00a0\u00bb text_text_shadow_style__hover=\u00a0\u00bbnone\u00a0\u00bb text_text_shadow_style__hover_enabled=\u00a0\u00bbnone\u00a0\u00bb text_text_shadow_color__hover=\u00a0\u00bbrgba(0,0,0,0.4)\u00a0\u00bb text_text_shadow_color__hover_enabled=\u00a0\u00bbrgba(0,0,0,0.4)\u00a0\u00bb link_font_size__hover=\u00a0\u00bb14px\u00a0\u00bb link_font_size__hover_enabled=\u00a0\u00bb14px\u00a0\u00bb link_letter_spacing__hover=\u00a0\u00bb0px\u00a0\u00bb link_letter_spacing__hover_enabled=\u00a0\u00bb0px\u00a0\u00bb link_line_height__hover=\u00a0\u00bb1em\u00a0\u00bb link_line_height__hover_enabled=\u00a0\u00bb1em\u00a0\u00bb link_text_shadow_style__hover=\u00a0\u00bbnone\u00a0\u00bb link_text_shadow_style__hover_enabled=\u00a0\u00bbnone\u00a0\u00bb link_text_shadow_color__hover=\u00a0\u00bbrgba(0,0,0,0.4)\u00a0\u00bb link_text_shadow_color__hover_enabled=\u00a0\u00bbrgba(0,0,0,0.4)\u00a0\u00bb ul_font_size__hover=\u00a0\u00bb14px\u00a0\u00bb ul_font_size__hover_enabled=\u00a0\u00bb14px\u00a0\u00bb ul_letter_spacing__hover=\u00a0\u00bb0px\u00a0\u00bb ul_letter_spacing__hover_enabled=\u00a0\u00bb0px\u00a0\u00bb ul_line_height__hover=\u00a0\u00bb1em\u00a0\u00bb ul_line_height__hover_enabled=\u00a0\u00bb1em\u00a0\u00bb ul_text_shadow_style__hover=\u00a0\u00bbnone\u00a0\u00bb ul_text_shadow_style__hover_enabled=\u00a0\u00bbnone\u00a0\u00bb ul_text_shadow_color__hover=\u00a0\u00bbrgba(0,0,0,0.4)\u00a0\u00bb ul_text_shadow_color__hover_enabled=\u00a0\u00bbrgba(0,0,0,0.4)\u00a0\u00bb ol_font_size__hover=\u00a0\u00bb14px\u00a0\u00bb ol_font_size__hover_enabled=\u00a0\u00bb14px\u00a0\u00bb ol_letter_spacing__hover=\u00a0\u00bb0px\u00a0\u00bb ol_letter_spacing__hover_enabled=\u00a0\u00bb0px\u00a0\u00bb ol_line_height__hover=\u00a0\u00bb1em\u00a0\u00bb ol_line_height__hover_enabled=\u00a0\u00bb1em\u00a0\u00bb ol_text_shadow_style__hover=\u00a0\u00bbnone\u00a0\u00bb ol_text_shadow_style__hover_enabled=\u00a0\u00bbnone\u00a0\u00bb ol_text_shadow_color__hover=\u00a0\u00bbrgba(0,0,0,0.4)\u00a0\u00bb ol_text_shadow_color__hover_enabled=\u00a0\u00bbrgba(0,0,0,0.4)\u00a0\u00bb quote_font_size__hover=\u00a0\u00bb14px\u00a0\u00bb quote_font_size__hover_enabled=\u00a0\u00bb14px\u00a0\u00bb quote_letter_spacing__hover=\u00a0\u00bb0px\u00a0\u00bb quote_letter_spacing__hover_enabled=\u00a0\u00bb0px\u00a0\u00bb quote_line_height__hover=\u00a0\u00bb1em\u00a0\u00bb quote_line_height__hover_enabled=\u00a0\u00bb1em\u00a0\u00bb quote_text_shadow_style__hover=\u00a0\u00bbnone\u00a0\u00bb quote_text_shadow_style__hover_enabled=\u00a0\u00bbnone\u00a0\u00bb quote_text_shadow_color__hover=\u00a0\u00bbrgba(0,0,0,0.4)\u00a0\u00bb quote_text_shadow_color__hover_enabled=\u00a0\u00bbrgba(0,0,0,0.4)\u00a0\u00bb text_orientation__hover=\u00a0\u00bbleft\u00a0\u00bb text_orientation__hover_enabled=\u00a0\u00bbleft\u00a0\u00bb background_layout__hover=\u00a0\u00bblight\u00a0\u00bb background_layout__hover_enabled=\u00a0\u00bblight\u00a0\u00bb header_6_font_size__hover=\u00a0\u00bb14px\u00a0\u00bb header_6_font_size__hover_enabled=\u00a0\u00bb14px\u00a0\u00bb header_6_letter_spacing__hover=\u00a0\u00bb0px\u00a0\u00bb header_6_letter_spacing__hover_enabled=\u00a0\u00bb0px\u00a0\u00bb header_6_line_height__hover=\u00a0\u00bb1em\u00a0\u00bb header_6_line_height__hover_enabled=\u00a0\u00bb1em\u00a0\u00bb header_6_text_shadow_style__hover=\u00a0\u00bbnone\u00a0\u00bb header_6_text_shadow_style__hover_enabled=\u00a0\u00bbnone\u00a0\u00bb header_6_text_shadow_color__hover=\u00a0\u00bbrgba(0,0,0,0.4)\u00a0\u00bb header_6_text_shadow_color__hover_enabled=\u00a0\u00bbrgba(0,0,0,0.4)\u00a0\u00bb theme_builder_area=\u00a0\u00bbpost_content\u00a0\u00bb]@ET-DC@eyJkeW5hbWljIjp0cnVlLCJjb250ZW50IjoicG9zdF90aXRsZSIsInNldHRpbmdzIjp7ImJlZm9yZSI6IiIsImFmdGVyIjoiIn19@[\/et_pb_text][\/et_pb_column][\/et_pb_row][\/et_pb_section][et_pb_section fb_built=\u00a0\u00bb1&Prime; _builder_version=\u00a0\u00bb4.26.0&Prime; _module_preset=\u00a0\u00bbdefault\u00a0\u00bb custom_padding=\u00a0\u00bb||0px|||\u00a0\u00bb global_colors_info=\u00a0\u00bb{}\u00a0\u00bb theme_builder_area=\u00a0\u00bbpost_content\u00a0\u00bb][et_pb_row _builder_version=\u00a0\u00bb4.27.0&Prime; _module_preset=\u00a0\u00bbdefault\u00a0\u00bb custom_margin=\u00a0\u00bb|auto|-82px|auto||\u00a0\u00bb custom_padding=\u00a0\u00bb||103px|||\u00a0\u00bb global_colors_info=\u00a0\u00bb{}\u00a0\u00bb theme_builder_area=\u00a0\u00bbpost_content\u00a0\u00bb][et_pb_column type=\u00a0\u00bb4_4&Prime; _builder_version=\u00a0\u00bb4.27.0&Prime; _module_preset=\u00a0\u00bbdefault\u00a0\u00bb global_colors_info=\u00a0\u00bb{}\u00a0\u00bb theme_builder_area=\u00a0\u00bbpost_content\u00a0\u00bb][et_pb_text ul_item_indent=\u00a0\u00bb47px\u00a0\u00bb _builder_version=\u00a0\u00bb4.27.0&Prime; _module_preset=\u00a0\u00bbdefault\u00a0\u00bb hover_enabled=\u00a0\u00bb0&Prime; global_colors_info=\u00a0\u00bb{}\u00a0\u00bb theme_builder_area=\u00a0\u00bbpost_content\u00a0\u00bb sticky_enabled=\u00a0\u00bb0&Prime;]<\/p>\n<p>La Descente est une discipline historique du Cano\u00eb-Kayak en eau-vive. La r\u00e8gle est simple : aller le plus vite possible d\u2019un point \u00e0 un autre de la rivi\u00e8re. C\u2019est une course contre la montre, o\u00f9 les trajectoires sont libres. Il est primordial de bien choisir sa trajectoire en fonction des courants et des obstacles naturels que forment les rochers. La Descente se pratique sur un parcours d\u2019eau vive plus ou moins compliqu\u00e9 de classe II \u00e0 IV selon le niveau de la comp\u00e9tition.<\/p>\n<p>Il existe 2 types de courses :<\/p>\n<ul>\n<li>la descente Classique d\u2019une dur\u00e9e de 10 \u00e0 30 minutes,<\/li>\n<li>la descente Sprint d\u2019une dur\u00e9e de 30 secondes \u00e0 2 minutes.<\/li>\n<\/ul>\n<p>La Descente se d\u00e9roule avant tout sur les parcours naturels et sauvages des rivi\u00e8res. Les parcours classiques d\u2019eau-vive sont associ\u00e9s aux grandes comp\u00e9titions de la Descente, comme les parcours Bellentre-Aime sur l\u2019Is\u00e8re, la Haute V\u00e9z\u00e8re \u00e0 Treignac, Martinet-Lauzet sur l\u2019Ubaye, le Chalaux dans le Morvan, l\u2019Eyrieux en Ard\u00e8che\u2026Mais la Classique se court \u00e9galement sur des parcours plus simple, ce qui permet une accessibilit\u00e9 pour tous de l\u2019activit\u00e9, mais avec le m\u00eame esprit: \u00ab\u00a0La Descente, l\u2019esprit de la rivi\u00e8re en comp\u00e9tition\u00a0\u00bb.<\/p>\n<p>Le Sprint se d\u00e9roule aussi bien sur des rapides clefs des parcours Classiques, que sur les bassins d\u2019eau-vive artificiel. Ce format de course tr\u00e8s spectaculaire est tr\u00e8s compl\u00e9mentaire de la Classique et permet d\u2019avoir une visibilit\u00e9 accrue en partageant des sites de pratiques avec les autres disciplines d\u2019eau-vive (slalom et freestyle).<\/p>\n<p>La descente est une activit\u00e9 qui se pratique \u00e9galement en loisir hors comp\u00e9tition sur des rivi\u00e8res de classe II \u00e0 V, en utilisant au besoin des bateaux plus larges et plus volumineux, \u00e9galement propos\u00e9s en poly\u00e9thyl\u00e8ne.<\/p>\n<p>Les embarcations :<\/p>\n<ul>\n<li>Les bateaux de descente sont les formules 1 des rivi\u00e8res, taill\u00e9s pour fendre les vagues et garder une vitesse \u00e9lev\u00e9e dans toutes les configurations de rapides. Les bateaux sont dot\u00e9s d\u2019une coque \u00e9troite et instable leur conf\u00e9rant une grande vitesse, m\u00eame sur le plat. Leur construction en carbone allie l\u00e9g\u00e8ret\u00e9 et rigidit\u00e9 permettant des sensations de r\u00e9activit\u00e9s et vitesses uniques en rivi\u00e8re. Malgr\u00e9 la faible maniabilit\u00e9 des bateaux, les parcours peuvent \u00eatre tr\u00e8s techniques ; une grande maitrise technique est n\u00e9cessaire pour descendre les parcours mythiques des rivi\u00e8res. Les bateaux utilis\u00e9s sont des kayaks monoplaces, des cano\u00ebs monoplaces ou des cano\u00ebs biplaces. Toutes les embarcations sont homme ou dame. La descente est une discipline \u00e9quitable sur les embarcations et parcours.<\/li>\n<\/ul>\n<p>[\/et_pb_text][\/et_pb_column][\/et_pb_row][et_pb_row _builder_version=\u00a0\u00bb4.27.0&Prime; _module_preset=\u00a0\u00bbdefault\u00a0\u00bb custom_padding=\u00a0\u00bb||49px|||\u00a0\u00bb hover_enabled=\u00a0\u00bb0&Prime; global_colors_info=\u00a0\u00bb{}\u00a0\u00bb theme_builder_area=\u00a0\u00bbpost_content\u00a0\u00bb sticky_enabled=\u00a0\u00bb0&Prime;][et_pb_column type=\u00a0\u00bb4_4&Prime; _builder_version=\u00a0\u00bb4.26.0&Prime; _module_preset=\u00a0\u00bbdefault\u00a0\u00bb global_colors_info=\u00a0\u00bb{}\u00a0\u00bb theme_builder_area=\u00a0\u00bbpost_content\u00a0\u00bb][et_pb_gallery gallery_ids=\u00a0\u00bb335967,335968,335969,335970&Prime; posts_number=\u00a0\u00bb8&Prime; show_title_and_caption=\u00a0\u00bboff\u00a0\u00bb show_pagination=\u00a0\u00bboff\u00a0\u00bb _builder_version=\u00a0\u00bb4.27.0&Prime; _module_preset=\u00a0\u00bbdefault\u00a0\u00bb custom_margin=\u00a0\u00bb||35px||false|false\u00a0\u00bb hover_enabled=\u00a0\u00bb0&Prime; border_radii_image=\u00a0\u00bbon|7px|7px|7px|7px\u00a0\u00bb box_shadow_style_image=\u00a0\u00bbpreset3&Prime; global_colors_info=\u00a0\u00bb{}\u00a0\u00bb theme_builder_area=\u00a0\u00bbpost_content\u00a0\u00bb sticky_enabled=\u00a0\u00bb0&Prime;][\/et_pb_gallery][\/et_pb_column][\/et_pb_row][\/et_pb_section]<\/p>\n","protected":false},"excerpt":{"rendered":"<p>La Descente est une discipline historique du Cano\u00eb-Kayak en eau-vive. La r\u00e8gle est simple : aller le plus vite possible d\u2019un point \u00e0 un autre de la rivi\u00e8re. C\u2019est une course contre la montre, o\u00f9 les trajectoires sont libres. Il est primordial de bien choisir sa trajectoire en fonction des courants et des obstacles naturels [&hellip;]<\/p>\n","protected":false},"author":1,"featured_media":335895,"parent":0,"menu_order":0,"comment_status":"closed","ping_status":"closed","template":"","meta":{"_et_pb_use_builder":"on","_et_pb_old_content":"","_et_gb_content_width":"","footnotes":""},"class_list":["post-335965","page","type-page","status-publish","has-post-thumbnail","hentry"],"_links":{"self":[{"href":"https:\/\/crck-guyane.com\/index.php\/wp-json\/wp\/v2\/pages\/335965","targetHints":{"allow":["GET"]}}],"collection":[{"href":"https:\/\/crck-guyane.com\/index.php\/wp-json\/wp\/v2\/pages"}],"about":[{"href":"https:\/\/crck-guyane.com\/index.php\/wp-json\/wp\/v2\/types\/page"}],"author":[{"embeddable":true,"href":"https:\/\/crck-guyane.com\/index.php\/wp-json\/wp\/v2\/users\/1"}],"replies":[{"embeddable":true,"href":"https:\/\/crck-guyane.com\/index.php\/wp-json\/wp\/v2\/comments?post=335965"}],"version-history":[{"count":2,"href":"https:\/\/crck-guyane.com\/index.php\/wp-json\/wp\/v2\/pages\/335965\/revisions"}],"predecessor-version":[{"id":335972,"href":"https:\/\/crck-guyane.com\/index.php\/wp-json\/wp\/v2\/pages\/335965\/revisions\/335972"}],"wp:featuredmedia":[{"embeddable":true,"href":"https:\/\/crck-guyane.com\/index.php\/wp-json\/wp\/v2\/media\/335895"}],"wp:attachment":[{"href":"https:\/\/crck-guyane.com\/index.php\/wp-json\/wp\/v2\/media?parent=335965"}],"curies":[{"name":"wp","href":"https:\/\/api.w.org\/{rel}","templated":true}]}}